{"id":219,"date":"2024-11-05T09:40:32","date_gmt":"2024-11-05T08:40:32","guid":{"rendered":"http:\/\/hei.fede.education\/services\/"},"modified":"2025-12-17T15:41:36","modified_gmt":"2025-12-17T14:41:36","slug":"prix","status":"publish","type":"page","link":"https:\/\/humanrights.fede.education\/en\/prix\/","title":{"rendered":"FEDE Human Rights Prize"},"content":{"rendered":"<div class=\"wp-block-uagb-container uagb-block-c1e2fce7 alignfull uagb-is-root-container\"><div class=\"uagb-container-inner-blocks-wrap\">\n<div class=\"wp-block-uagb-advanced-heading uagb-block-c767fabd\"><h1 class=\"uagb-heading-text\"><strong>FEDE Human Rights Prize<\/strong><\/h1><\/div>\n\n\n\n<div class=\"wp-block-cover\"><span aria-hidden=\"true\" class=\"wp-block-cover__background has-background-dim\"><\/span><div class=\"wp-block-cover__inner-container is-layout-flow wp-block-cover-is-layout-flow\">\n<figure class=\"wp-block-embed is-type-video is-provider-youtube wp-block-embed-youtube wp-embed-aspect-16-9 wp-has-aspect-ratio\"><div class=\"wp-block-embed__wrapper\">\n<iframe loading=\"lazy\" title=\"FEDE - Prix d&#039;Excellence des Droits Humains\" width=\"500\" height=\"281\" src=\"https:\/\/www.youtube.com\/embed\/7mLc0aFTDlQ?feature=oembed\" frameborder=\"0\" allow=\"accelerometer; autoplay; clipboard-write; encrypted-media; gyroscope; picture-in-picture; web-share\" referrerpolicy=\"strict-origin-when-cross-origin\" allowfullscreen><\/iframe>\n<\/div><\/figure>\n<\/div><\/div>\n<\/div><\/div>\n\n\n\n<div class=\"wp-block-uagb-container uagb-block-wqzlswho alignfull uagb-is-root-container\"><div class=\"uagb-container__video-wrap\"><video autoplay loop muted playsinline><source src=\"http:\/\/humanrights.fede.education\/wp-content\/uploads\/2024\/11\/1475467_People_Technology_1280x720.mp4\" type=\"video\/mp4\"\/><\/video><\/div><div class=\"uagb-container-inner-blocks-wrap\">\n<div class=\"wp-block-uagb-info-box uagb-block-lvl5apar uagb-infobox__content-wrap  uagb-infobox-icon-above-title uagb-infobox-image-valign-top\"><div class=\"uagb-ifb-content\"><div class=\"uagb-ifb-title-wrap\"><h2 class=\"uagb-ifb-title\">Application<\/h2><\/div><\/div><\/div>\n\n\n\n<div class=\"wp-block-uagb-container uagb-block-v5fzkdft\">\n<div class=\"wp-block-uagb-info-box uagb-block-w7qejtji uagb-infobox__content-wrap  uagb-infobox-icon-above-title uagb-infobox-image-valign-top\"><div class=\"uagb-ifb-content\"><div class=\"uagb-ifb-title-wrap\"><\/div><p class=\"uagb-ifb-desc\"><strong>Applications open: October 2025<\/strong><br><strong>Application deadline: 1 March 2026&nbsp;<\/strong><br><strong>Jury: Before 1 April 2026&nbsp;<\/strong><\/p><\/div><\/div>\n\n\n\n<div class=\"wp-block-uagb-buttons uagb-buttons__outer-wrap uagb-btn__default-btn uagb-btn-tablet__default-btn uagb-btn-mobile__default-btn uagb-block-wrc2rxby\"><div class=\"uagb-buttons__wrap uagb-buttons-layout-wrap\">\n<div class=\"wp-block-uagb-buttons-child uagb-buttons__outer-wrap uagb-block-iiipvnri wp-block-button\"><div class=\"uagb-button__wrapper\"><a class=\"uagb-buttons-repeater wp-block-button__link\" aria-label=\"\" href=\"https:\/\/humanrights.fede.education\/en\/candidature\/\" rel=\"follow noopener\" target=\"_blank\" role=\"button\"><div class=\"uagb-button__link\">Participate<\/div><span class=\"uagb-button__icon uagb-button__icon-position-after\"><svg xmlns=\"https:\/\/www.w3.org\/2000\/svg\" viewbox=\"0 0 448 512\" aria-hidden=\"true\" focussable=\"false\"><path d=\"M438.6 278.6l-160 160C272.4 444.9 264.2 448 256 448s-16.38-3.125-22.62-9.375c-12.5-12.5-12.5-32.75 0-45.25L338.8 288H32C14.33 288 .0016 273.7 .0016 256S14.33 224 32 224h306.8l-105.4-105.4c-12.5-12.5-12.5-32.75 0-45.25s32.75-12.5 45.25 0l160 160C451.1 245.9 451.1 266.1 438.6 278.6z\"><\/path><\/svg><\/span><\/a><\/div><\/div>\n<\/div><\/div>\n<\/div>\n<\/div><\/div>\n\n\n\n<div class=\"wp-block-uagb-container uagb-block-0fa8dc87 alignfull uagb-is-root-container\"><div class=\"uagb-container-inner-blocks-wrap\">\n<div data-aos= \"slide-right\" data-aos-duration=\"400\" data-aos-delay=\"0\" data-aos-easing=\"ease\" data-aos-once=\"true\" class=\"wp-block-uagb-image alignleft uagb-block-95ad5af2 wp-block-uagb-image--layout-default wp-block-uagb-image--effect-static wp-block-uagb-image--align-left\"><figure class=\"wp-block-uagb-image__figure\"><img decoding=\"async\" srcset=\"https:\/\/humanrights.fede.education\/wp-content\/uploads\/2024\/11\/hei-1-1024x684.jpg ,https:\/\/humanrights.fede.education\/wp-content\/uploads\/2024\/11\/hei-1.jpg 780w, https:\/\/humanrights.fede.education\/wp-content\/uploads\/2024\/11\/hei-1.jpg 360w\" sizes=\"auto, (max-width: 480px) 150px\" src=\"https:\/\/humanrights.fede.education\/wp-content\/uploads\/2024\/11\/hei-1-1024x684.jpg\" alt=\"\" class=\"uag-image-1891\" width=\"568\" height=\"379\" title=\"hei\" loading=\"lazy\" role=\"img\"\/><\/figure><\/div>\n\n\n\n<div class=\"wp-block-uagb-container uagb-block-273f62cc\">\n<div class=\"wp-block-uagb-info-box uagb-block-f179cbd3 uagb-infobox__content-wrap  uagb-infobox-icon-above-title uagb-infobox-image-valign-top\"><div class=\"uagb-ifb-content\"><div class=\"uagb-ifb-title-wrap\"><h2 class=\"uagb-ifb-title\"><strong>Documentation <\/strong><\/h2><\/div><p class=\"uagb-ifb-desc\"><br>&#8211; <a href=\"https:\/\/humanrights.fede.education\/wp-content\/uploads\/2025\/12\/1_FEDE-Human-Rights-prize_rules-_EN.pdf\" data-type=\"link\" data-id=\"https:\/\/www.fede.education\/whttps:\/\/humanrights.fede.education\/wp-content\/uploads\/2025\/12\/1_Prix-dexcellence-droits-humains-FEDE_Reglement_FR.pdf\" target=\"_blank\" rel=\"noreferrer noopener\">Rules<\/a><br>&#8211; <a href=\"https:\/\/humanrights.fede.education\/wp-content\/uploads\/2025\/12\/FEDE-HR-Prize_Recommendations-to-applicants_EN.pdf\" data-type=\"link\" data-id=\"https:\/\/www.fede.education\/wp-content\/uploads\/2023\/12\/2023-2024_Prix-DH-FEDE_Recommandations-aux-candidats_FR.pdf\" target=\"_blank\" rel=\"noreferrer noopener\">Recommendations <\/a><br>&#8211; <a href=\"https:\/\/humanrights.fede.education\/wp-content\/uploads\/2025\/12\/2_Entry-form_EN-1.docx\" data-type=\"link\" data-id=\"https:\/\/www.fede.education\/wp-content\/uploads\/2023\/06\/2_Formulaire-de-candidature_FR.pdf\" target=\"_blank\" rel=\"noreferrer noopener\">Entry Form<\/a><\/p><\/div><\/div>\n<\/div>\n<\/div><\/div>\n\n\n\n<div class=\"wp-block-uagb-container uagb-block-a3c85d3f alignfull uagb-is-root-container\"><div class=\"uagb-container-inner-blocks-wrap\">\n<div class=\"wp-block-uagb-container uagb-block-4502a8bd\">\n<div class=\"wp-block-uagb-info-box uagb-block-109f07e7 uagb-infobox__content-wrap  uagb-infobox-icon-above-title uagb-infobox-image-valign-top\"><div class=\"uagb-ifb-content\"><div class=\"uagb-ifb-title-wrap\"><h2 class=\"uagb-ifb-title\"><strong>Themes&nbsp;<\/strong><\/h2><\/div><p class=\"uagb-ifb-desc\"><br>&gt; Migration <br>&gt; Sustainable Development <br>&gt; Gender <br>&gt; Culture, Language, and Sport <br>&gt; Youth<br>&gt; Education<br>&gt; Employment<br>&gt; Fundamental Rights <br>&gt; Health <br>&gt; Poverty <br>&gt; Workplace Well-being <br>&gt; Religion<\/p><\/div><\/div>\n<\/div>\n\n\n\n<div data-aos= \"slide-left\" data-aos-duration=\"400\" data-aos-delay=\"0\" data-aos-easing=\"ease\" data-aos-once=\"true\" class=\"wp-block-uagb-image uagb-block-18897b0b wp-block-uagb-image--layout-default wp-block-uagb-image--effect-static wp-block-uagb-image--align-none\"><figure class=\"wp-block-uagb-image__figure\"><img decoding=\"async\" srcset=\"https:\/\/humanrights.fede.education\/wp-content\/uploads\/2024\/11\/standard-quality-control-concept-m-1024x683.jpg ,https:\/\/humanrights.fede.education\/wp-content\/uploads\/2024\/11\/standard-quality-control-concept-m-scaled.jpg 780w, https:\/\/humanrights.fede.education\/wp-content\/uploads\/2024\/11\/standard-quality-control-concept-m-scaled.jpg 360w\" sizes=\"auto, (max-width: 480px) 150px\" src=\"https:\/\/humanrights.fede.education\/wp-content\/uploads\/2024\/11\/standard-quality-control-concept-m-1024x683.jpg\" alt=\"\" class=\"uag-image-1818\" width=\"1024\" height=\"682\" title=\"standard-quality-control-concept-m\" loading=\"lazy\" role=\"img\"\/><\/figure><\/div>\n<\/div><\/div>\n\n\n\n<div class=\"wp-block-uagb-container uagb-block-cgotmtpj alignfull uagb-is-root-container\"><div class=\"uagb-container-inner-blocks-wrap\">\n<div class=\"wp-block-uagb-info-box uagb-block-qxflkpmo uagb-infobox__content-wrap  uagb-infobox-icon-above-title uagb-infobox-image-valign-top\"><div class=\"uagb-ifb-content\"><div class=\"uagb-ifb-title-wrap\"><h1 class=\"uagb-ifb-title\">Contact form<\/h1><\/div><\/div><\/div>\n<\/div><\/div>\n\n\n\n<div class=\"wp-block-uagb-forms uagb-forms__outer-wrap uagb-block-699f509f uagb-forms__medium-btn\"><form class=\"uagb-forms-main-form\" method=\"post\" autocomplete=\"on\" name=\"uagb-form-699f509f\" action=\"\">\n<div class=\"wp-block-uagb-forms-name uagb-forms-name-wrap uagb-forms-field-set uagb-block-927dce22\"><div class=\"uagb-forms-name-label required uagb-forms-input-label\" id=\"927dce22\">Last name<\/div><input type=\"text\" placeholder=\"\" required class=\"uagb-forms-name-input uagb-forms-input\" name=\"927dce22\" autocomplete=\"name\"\/><\/div>\n\n\n\n<div class=\"wp-block-uagb-forms-email uagb-forms-email-wrap uagb-forms-field-set uagb-block-e19c7c69\"><div class=\"uagb-forms-email-label required uagb-forms-input-label\" id=\"e19c7c69\">Email<\/div><input type=\"email\" class=\"uagb-forms-email-input uagb-forms-input\" placeholder=\"\" required name=\"e19c7c69\" autocomplete=\"email\"\/><\/div>\n\n\n\n<div class=\"wp-block-uagb-forms-name uagb-forms-name-wrap uagb-forms-field-set uagb-block-23e9f804\"><div class=\"uagb-forms-name-label required uagb-forms-input-label\" id=\"23e9f804\">Subject<\/div><input type=\"text\" placeholder=\"\" required class=\"uagb-forms-name-input uagb-forms-input\" name=\"23e9f804\" autocomplete=\"off\"\/><\/div>\n\n\n\n<div class=\"wp-block-uagb-forms-textarea uagb-forms-textarea-wrap uagb-forms-field-set uagb-block-82b9ee4a\"><div class=\"uagb-forms-textarea-label required uagb-forms-input-label\" id=\"82b9ee4a\">Message<\/div><textarea required class=\"uagb-forms-textarea-input uagb-forms-input\" rows=\"4\" placeholder=\"\" name=\"82b9ee4a\" autocomplete=\"off\"><\/textarea><\/div>\n<div class=\"uagb-forms-form-hidden-data\"><input type=\"hidden\" class=\"uagb_forms_form_label\" value=\"Spectra Form\"\/><input type=\"hidden\" class=\"uagb_forms_form_id\" value=\"uagb-form-699f509f\"\/><\/div><div class=\"uagb-form-reacaptcha-error-699f509f\"><\/div><div class=\"uagb-forms-main-submit-button-wrap wp-block-button\"><button class=\"uagb-forms-main-submit-button ast-outline-button\" style=\"border-width:revert-layer\"><div class=\"uagb-forms-main-submit-button-text\">Send<\/div><\/button><\/div><input type=\"hidden\" name=\"trp-form-language\" value=\"en\"\/><\/form><div class=\"uagb-forms-success-message-699f509f uagb-forms-submit-message-hide\"><span>Votre message a \u00e9t\u00e9 envoy\u00e9 avec succ\u00e8s ! <\/span><\/div><div class=\"uagb-forms-failed-message-699f509f uagb-forms-submit-message-hide\"><span>Une erreur s&rsquo;est produite lors de l&rsquo;envoi de votre message. Veuillez v\u00e9rifier \u00e0 nouveau tous les champs du formulaire.<\/span><\/div><\/div>","protected":false},"excerpt":{"rendered":"<p>FEDE Human Rights Prize<\/p>","protected":false},"author":3,"featured_media":0,"parent":0,"menu_order":0,"comment_status":"closed","ping_status":"closed","template":"","meta":{"_uag_custom_page_level_css":"","site-sidebar-layout":"no-sidebar","site-content-layout":"plain-container","ast-site-content-layout":"full-width-container","site-content-style":"unboxed","site-sidebar-style":"unboxed","ast-global-header-display":"","ast-banner-title-visibility":"","ast-main-header-display":"","ast-hfb-above-header-display":"","ast-hfb-below-header-display":"","ast-hfb-mobile-header-display":"","site-post-title":"disabled","ast-breadcrumbs-content":"","ast-featured-img":"disabled","footer-sml-layout":"","ast-disable-related-posts":"","theme-transparent-header-meta":"enabled","adv-header-id-meta":"","stick-header-meta":"","header-above-stick-meta":"","header-main-stick-meta":"","header-below-stick-meta":"","astra-migrate-meta-layouts":"set","ast-page-background-enabled":"default","ast-page-background-meta":{"desktop":{"background-color":"","background-image":"","background-repeat":"repeat","background-position":"center center","background-size":"auto","background-attachment":"scroll","background-type":"","background-media":"","overlay-type":"","overlay-color":"","overlay-opacity":"","overlay-gradient":""},"tablet":{"background-color":"","background-image":"","background-repeat":"repeat","background-position":"center center","background-size":"auto","background-attachment":"scroll","background-type":"","background-media":"","overlay-type":"","overlay-color":"","overlay-opacity":"","overlay-gradient":""},"mobile":{"background-color":"","background-image":"","background-repeat":"repeat","background-position":"center center","background-size":"auto","background-attachment":"scroll","background-type":"","background-media":"","overlay-type":"","overlay-color":"","overlay-opacity":"","overlay-gradient":""}},"ast-content-background-meta":{"desktop":{"background-color":"var(--ast-global-color-4)","background-image":"","background-repeat":"repeat","background-position":"center center","background-size":"auto","background-attachment":"scroll","background-type":"","background-media":"","overlay-type":"","overlay-color":"","overlay-opacity":"","overlay-gradient":""},"tablet":{"background-color":"var(--ast-global-color-4)","background-image":"","background-repeat":"repeat","background-position":"center center","background-size":"auto","background-attachment":"scroll","background-type":"","background-media":"","overlay-type":"","overlay-color":"","overlay-opacity":"","overlay-gradient":""},"mobile":{"background-color":"var(--ast-global-color-4)","background-image":"","background-repeat":"repeat","background-position":"center center","background-size":"auto","background-attachment":"scroll","background-type":"","background-media":"","overlay-type":"","overlay-color":"","overlay-opacity":"","overlay-gradient":""}},"footnotes":""},"class_list":["post-219","page","type-page","status-publish","hentry"],"uagb_featured_image_src":{"full":false,"thumbnail":false,"medium":false,"medium_large":false,"large":false,"1536x1536":false,"2048x2048":false,"trp-custom-language-flag":false},"uagb_author_info":{"display_name":"Trang BUI","author_link":"https:\/\/humanrights.fede.education\/en\/author\/tbui\/"},"uagb_comment_info":0,"uagb_excerpt":"Prix des Droits Humains","_links":{"self":[{"href":"https:\/\/humanrights.fede.education\/en\/wp-json\/wp\/v2\/pages\/219","targetHints":{"allow":["GET"]}}],"collection":[{"href":"https:\/\/humanrights.fede.education\/en\/wp-json\/wp\/v2\/pages"}],"about":[{"href":"https:\/\/humanrights.fede.education\/en\/wp-json\/wp\/v2\/types\/page"}],"author":[{"embeddable":true,"href":"https:\/\/humanrights.fede.education\/en\/wp-json\/wp\/v2\/users\/3"}],"replies":[{"embeddable":true,"href":"https:\/\/humanrights.fede.education\/en\/wp-json\/wp\/v2\/comments?post=219"}],"version-history":[{"count":45,"href":"https:\/\/humanrights.fede.education\/en\/wp-json\/wp\/v2\/pages\/219\/revisions"}],"predecessor-version":[{"id":2458,"href":"https:\/\/humanrights.fede.education\/en\/wp-json\/wp\/v2\/pages\/219\/revisions\/2458"}],"wp:attachment":[{"href":"https:\/\/humanrights.fede.education\/en\/wp-json\/wp\/v2\/media?parent=219"}],"curies":[{"name":"wp","href":"https:\/\/api.w.org\/{rel}","templated":true}]}}